{"id":879,"date":"2018-06-07T13:31:39","date_gmt":"2018-06-07T13:31:39","guid":{"rendered":"http:\/\/playerx.edge-themes.com\/?page_id=879"},"modified":"2026-01-15T14:02:25","modified_gmt":"2026-01-15T14:02:25","slug":"countdown","status":"publish","type":"page","link":"https:\/\/gameintartu.ee\/en\/countdown\/","title":{"rendered":"Countdown"},"content":{"rendered":"<div data-elementor-type=\"wp-page\" data-elementor-id=\"879\" class=\"elementor elementor-879\" data-elementor-post-type=\"page\">\n\t\t\t\t\t\t<section class=\"elementor-section elementor-top-section elementor-element elementor-element-b6f49d2 elementor-section-full_width elementor-section-height-min-height elementor-section-content-middle edgtf-full-height-touch elementor-section-height-default elementor-section-items-middle edgtf-parallax-row-no edgtf-row-with-shadow-disabled edgtf-content-aligment-left edgtf-elementor-row-grid-no\" data-id=\"b6f49d2\" data-element_type=\"section\" data-settings=\"{&quot;background_background&quot;:&quot;classic&quot;}\">\n\t\t\t\t\t\t<div class=\"elementor-container elementor-column-gap-default\">\n\t\t\t\t\t<div class=\"elementor-column elementor-col-100 elementor-top-column elementor-element elementor-element-53aca7f\" data-id=\"53aca7f\" data-element_type=\"column\">\n\t\t\t<div class=\"elementor-widget-wrap elementor-element-populated\">\n\t\t\t\t\t\t<section class=\"elementor-section elementor-inner-section elementor-element elementor-element-5a48ff7 elementor-section-full_width edgtf-elementor-row-grid-section elementor-section-height-default elementor-section-height-default edgtf-parallax-row-no edgtf-row-with-shadow-disabled edgtf-content-aligment-left\" data-id=\"5a48ff7\" data-element_type=\"section\">\n\t\t\t\t\t\t<div class=\"elementor-container elementor-column-gap-default\">\n\t\t\t\t\t<div class=\"elementor-column elementor-col-100 elementor-inner-column elementor-element elementor-element-149b823\" data-id=\"149b823\" data-element_type=\"column\">\n\t\t\t<div class=\"elementor-widget-wrap elementor-element-populated\">\n\t\t\t\t\t\t<div class=\"elementor-element elementor-element-19baa75 elementor-widget elementor-widget-image\" data-id=\"19baa75\" data-element_type=\"widget\" data-widget_type=\"image.default\">\n\t\t\t\t\t\t\t\t\t\t\t\t\t\t\t<img fetchpriority=\"high\" decoding=\"async\" width=\"512\" height=\"512\" src=\"https:\/\/gameintartu.ee\/wp-content\/uploads\/2025\/10\/cropped-ChatGPT-Image-Sep-25-2025-05_37_35-PM.png\" class=\"attachment-full size-full wp-image-6380\" alt=\"\" srcset=\"https:\/\/gameintartu.ee\/wp-content\/uploads\/2025\/10\/cropped-ChatGPT-Image-Sep-25-2025-05_37_35-PM.png 512w, https:\/\/gameintartu.ee\/wp-content\/uploads\/2025\/10\/cropped-ChatGPT-Image-Sep-25-2025-05_37_35-PM-300x300.png 300w, https:\/\/gameintartu.ee\/wp-content\/uploads\/2025\/10\/cropped-ChatGPT-Image-Sep-25-2025-05_37_35-PM-150x150.png 150w, https:\/\/gameintartu.ee\/wp-content\/uploads\/2025\/10\/cropped-ChatGPT-Image-Sep-25-2025-05_37_35-PM-100x100.png 100w, https:\/\/gameintartu.ee\/wp-content\/uploads\/2025\/10\/cropped-ChatGPT-Image-Sep-25-2025-05_37_35-PM-270x270.png 270w, https:\/\/gameintartu.ee\/wp-content\/uploads\/2025\/10\/cropped-ChatGPT-Image-Sep-25-2025-05_37_35-PM-192x192.png 192w, https:\/\/gameintartu.ee\/wp-content\/uploads\/2025\/10\/cropped-ChatGPT-Image-Sep-25-2025-05_37_35-PM-180x180.png 180w, https:\/\/gameintartu.ee\/wp-content\/uploads\/2025\/10\/cropped-ChatGPT-Image-Sep-25-2025-05_37_35-PM-32x32.png 32w\" sizes=\"(max-width: 512px) 100vw, 512px\" \/>\t\t\t\t\t\t\t\t\t\t\t\t\t\t\t<\/div>\n\t\t\t\t<div class=\"elementor-element elementor-element-ba94e1c elementor-widget elementor-widget-edgtf_countdown\" data-id=\"ba94e1c\" data-element_type=\"widget\" data-widget_type=\"edgtf_countdown.default\">\n\t\t\t\t<div class=\"elementor-widget-container\">\n\t\t\t\t\t<div class=\"edgtf-countdown\" id=\"countdown8525\" data-year=\"2026\" data-month=\"2\" data-day=\"21\" data-hour=\"10\" data-minute=\"0\" data-month-label=\"Months\" data-day-label=\"Days\" data-hour-label=\"Hours\" data-minute-label=\"Minutes\" data-second-label=\"Seconds\"  ><\/div>\t\t\t\t<\/div>\n\t\t\t\t<\/div>\n\t\t\t\t\t<\/div>\n\t\t<\/div>\n\t\t\t\t\t<\/div>\n\t\t<\/section>\n\t\t\t\t\t<\/div>\n\t\t<\/div>\n\t\t\t\t\t<\/div>\n\t\t<\/section>\n\t\t\t\t<\/div>","protected":false},"excerpt":{"rendered":"","protected":false},"author":1,"featured_media":6552,"parent":0,"menu_order":0,"comment_status":"closed","ping_status":"closed","template":"full-width.php","meta":{"footnotes":""},"class_list":["post-879","page","type-page","status-publish","has-post-thumbnail","hentry"],"yoast_head":"<!-- This site is optimized with the Yoast SEO plugin v26.7 - https:\/\/yoast.com\/wordpress\/plugins\/seo\/ -->\n<title>Countdown - Game in Tartu 2026 Countdown Game in Tartu 2026 | \u00dcrituse alguseni j\u00e4\u00e4nud aeg<\/title>\n<meta name=\"description\" content=\"Vaata, kui palju aega on j\u00e4\u00e4nud Game in Tartu 2026 alguseni. Eesti suurim e-spordi ja gaming \u00fcritus l\u00e4heneb!\" \/>\n<meta name=\"robots\" content=\"index, follow, max-snippet:-1, max-image-preview:large, max-video-preview:-1\" \/>\n<link rel=\"canonical\" href=\"https:\/\/gameintartu.ee\/en\/countdown\/\" \/>\n<meta property=\"og:locale\" content=\"en_US\" \/>\n<meta property=\"og:type\" content=\"article\" \/>\n<meta property=\"og:title\" content=\"Game in Tartu 2026 Countdown\" \/>\n<meta property=\"og:description\" content=\"Countdown Game in Tartu 2026 \u00fcrituseni. Peagi algab Eesti suurim e-spordi ja gaming s\u00fcndmus!\" \/>\n<meta property=\"og:url\" content=\"https:\/\/gameintartu.ee\/en\/countdown\/\" \/>\n<meta property=\"og:site_name\" content=\"Game in Tartu 2026\" \/>\n<meta property=\"article:modified_time\" content=\"2026-01-15T14:02:25+00:00\" \/>\n<meta property=\"og:image\" content=\"https:\/\/gameintartu.ee\/wp-content\/uploads\/2025\/11\/cropped-ChatGPT-Image-Sep-25-2025-05_37_35-PM.png\" \/>\n\t<meta property=\"og:image:width\" content=\"512\" \/>\n\t<meta property=\"og:image:height\" content=\"512\" \/>\n\t<meta property=\"og:image:type\" content=\"image\/png\" \/>\n<meta name=\"twitter:card\" content=\"summary_large_image\" \/>\n<meta name=\"twitter:label1\" content=\"Est. reading time\" \/>\n\t<meta name=\"twitter:data1\" content=\"1 minute\" \/>\n<script type=\"application\/ld+json\" class=\"yoast-schema-graph\">{\"@context\":\"https:\/\/schema.org\",\"@graph\":[{\"@type\":\"WebPage\",\"@id\":\"https:\/\/gameintartu.ee\/countdown\/\",\"url\":\"https:\/\/gameintartu.ee\/countdown\/\",\"name\":\"Countdown - Game in Tartu 2026 Countdown Game in Tartu 2026 | \u00dcrituse alguseni j\u00e4\u00e4nud aeg\",\"isPartOf\":{\"@id\":\"https:\/\/gameintartu.ee\/#website\"},\"primaryImageOfPage\":{\"@id\":\"https:\/\/gameintartu.ee\/countdown\/#primaryimage\"},\"image\":{\"@id\":\"https:\/\/gameintartu.ee\/countdown\/#primaryimage\"},\"thumbnailUrl\":\"https:\/\/gameintartu.ee\/wp-content\/uploads\/2025\/11\/cropped-ChatGPT-Image-Sep-25-2025-05_37_35-PM.png\",\"datePublished\":\"2018-06-07T13:31:39+00:00\",\"dateModified\":\"2026-01-15T14:02:25+00:00\",\"description\":\"Vaata, kui palju aega on j\u00e4\u00e4nud Game in Tartu 2026 alguseni. Eesti suurim e-spordi ja gaming \u00fcritus l\u00e4heneb!\",\"breadcrumb\":{\"@id\":\"https:\/\/gameintartu.ee\/countdown\/#breadcrumb\"},\"inLanguage\":\"en-US\",\"potentialAction\":[{\"@type\":\"ReadAction\",\"target\":[\"https:\/\/gameintartu.ee\/countdown\/\"]}]},{\"@type\":\"ImageObject\",\"inLanguage\":\"en-US\",\"@id\":\"https:\/\/gameintartu.ee\/countdown\/#primaryimage\",\"url\":\"https:\/\/gameintartu.ee\/wp-content\/uploads\/2025\/11\/cropped-ChatGPT-Image-Sep-25-2025-05_37_35-PM.png\",\"contentUrl\":\"https:\/\/gameintartu.ee\/wp-content\/uploads\/2025\/11\/cropped-ChatGPT-Image-Sep-25-2025-05_37_35-PM.png\",\"width\":512,\"height\":512},{\"@type\":\"BreadcrumbList\",\"@id\":\"https:\/\/gameintartu.ee\/countdown\/#breadcrumb\",\"itemListElement\":[{\"@type\":\"ListItem\",\"position\":1,\"name\":\"Home\",\"item\":\"https:\/\/gameintartu.ee\/\"},{\"@type\":\"ListItem\",\"position\":2,\"name\":\"Countdown\"}]},{\"@type\":\"WebSite\",\"@id\":\"https:\/\/gameintartu.ee\/#website\",\"url\":\"https:\/\/gameintartu.ee\/\",\"name\":\"Game in Tartu 2026\",\"description\":\"Veeb\",\"potentialAction\":[{\"@type\":\"SearchAction\",\"target\":{\"@type\":\"EntryPoint\",\"urlTemplate\":\"https:\/\/gameintartu.ee\/?s={search_term_string}\"},\"query-input\":{\"@type\":\"PropertyValueSpecification\",\"valueRequired\":true,\"valueName\":\"search_term_string\"}}],\"inLanguage\":\"en-US\"}]}<\/script>\n<!-- \/ Yoast SEO plugin. -->","yoast_head_json":{"title":"Countdown - Game in Tartu 2026 Countdown Game in Tartu 2026 | \u00dcrituse alguseni j\u00e4\u00e4nud aeg","description":"Vaata, kui palju aega on j\u00e4\u00e4nud Game in Tartu 2026 alguseni. Eesti suurim e-spordi ja gaming \u00fcritus l\u00e4heneb!","robots":{"index":"index","follow":"follow","max-snippet":"max-snippet:-1","max-image-preview":"max-image-preview:large","max-video-preview":"max-video-preview:-1"},"canonical":"https:\/\/gameintartu.ee\/en\/countdown\/","og_locale":"en_US","og_type":"article","og_title":"Game in Tartu 2026 Countdown","og_description":"Countdown Game in Tartu 2026 \u00fcrituseni. Peagi algab Eesti suurim e-spordi ja gaming s\u00fcndmus!","og_url":"https:\/\/gameintartu.ee\/en\/countdown\/","og_site_name":"Game in Tartu 2026","article_modified_time":"2026-01-15T14:02:25+00:00","og_image":[{"width":512,"height":512,"url":"https:\/\/gameintartu.ee\/wp-content\/uploads\/2025\/11\/cropped-ChatGPT-Image-Sep-25-2025-05_37_35-PM.png","type":"image\/png"}],"twitter_card":"summary_large_image","twitter_misc":{"Est. reading time":"1 minute"},"schema":{"@context":"https:\/\/schema.org","@graph":[{"@type":"WebPage","@id":"https:\/\/gameintartu.ee\/countdown\/","url":"https:\/\/gameintartu.ee\/countdown\/","name":"Countdown - Game in Tartu 2026 Countdown Game in Tartu 2026 | \u00dcrituse alguseni j\u00e4\u00e4nud aeg","isPartOf":{"@id":"https:\/\/gameintartu.ee\/#website"},"primaryImageOfPage":{"@id":"https:\/\/gameintartu.ee\/countdown\/#primaryimage"},"image":{"@id":"https:\/\/gameintartu.ee\/countdown\/#primaryimage"},"thumbnailUrl":"https:\/\/gameintartu.ee\/wp-content\/uploads\/2025\/11\/cropped-ChatGPT-Image-Sep-25-2025-05_37_35-PM.png","datePublished":"2018-06-07T13:31:39+00:00","dateModified":"2026-01-15T14:02:25+00:00","description":"Vaata, kui palju aega on j\u00e4\u00e4nud Game in Tartu 2026 alguseni. Eesti suurim e-spordi ja gaming \u00fcritus l\u00e4heneb!","breadcrumb":{"@id":"https:\/\/gameintartu.ee\/countdown\/#breadcrumb"},"inLanguage":"en-US","potentialAction":[{"@type":"ReadAction","target":["https:\/\/gameintartu.ee\/countdown\/"]}]},{"@type":"ImageObject","inLanguage":"en-US","@id":"https:\/\/gameintartu.ee\/countdown\/#primaryimage","url":"https:\/\/gameintartu.ee\/wp-content\/uploads\/2025\/11\/cropped-ChatGPT-Image-Sep-25-2025-05_37_35-PM.png","contentUrl":"https:\/\/gameintartu.ee\/wp-content\/uploads\/2025\/11\/cropped-ChatGPT-Image-Sep-25-2025-05_37_35-PM.png","width":512,"height":512},{"@type":"BreadcrumbList","@id":"https:\/\/gameintartu.ee\/countdown\/#breadcrumb","itemListElement":[{"@type":"ListItem","position":1,"name":"Home","item":"https:\/\/gameintartu.ee\/"},{"@type":"ListItem","position":2,"name":"Countdown"}]},{"@type":"WebSite","@id":"https:\/\/gameintartu.ee\/#website","url":"https:\/\/gameintartu.ee\/","name":"Game in Tartu 2026","description":"Veeb","potentialAction":[{"@type":"SearchAction","target":{"@type":"EntryPoint","urlTemplate":"https:\/\/gameintartu.ee\/?s={search_term_string}"},"query-input":{"@type":"PropertyValueSpecification","valueRequired":true,"valueName":"search_term_string"}}],"inLanguage":"en-US"}]}},"_links":{"self":[{"href":"https:\/\/gameintartu.ee\/en\/wp-json\/wp\/v2\/pages\/879","targetHints":{"allow":["GET"]}}],"collection":[{"href":"https:\/\/gameintartu.ee\/en\/wp-json\/wp\/v2\/pages"}],"about":[{"href":"https:\/\/gameintartu.ee\/en\/wp-json\/wp\/v2\/types\/page"}],"author":[{"embeddable":true,"href":"https:\/\/gameintartu.ee\/en\/wp-json\/wp\/v2\/users\/1"}],"replies":[{"embeddable":true,"href":"https:\/\/gameintartu.ee\/en\/wp-json\/wp\/v2\/comments?post=879"}],"version-history":[{"count":13,"href":"https:\/\/gameintartu.ee\/en\/wp-json\/wp\/v2\/pages\/879\/revisions"}],"predecessor-version":[{"id":6652,"href":"https:\/\/gameintartu.ee\/en\/wp-json\/wp\/v2\/pages\/879\/revisions\/6652"}],"wp:featuredmedia":[{"embeddable":true,"href":"https:\/\/gameintartu.ee\/en\/wp-json\/wp\/v2\/media\/6552"}],"wp:attachment":[{"href":"https:\/\/gameintartu.ee\/en\/wp-json\/wp\/v2\/media?parent=879"}],"curies":[{"name":"wp","href":"https:\/\/api.w.org\/{rel}","templated":true}]}}